{"id":39,"date":"2016-06-06T14:31:19","date_gmt":"2016-06-06T14:31:19","guid":{"rendered":"http:\/\/www.vienna-model.at\/?page_id=39"},"modified":"2022-11-11T15:12:02","modified_gmt":"2022-11-11T15:12:02","slug":"ausstellung","status":"publish","type":"page","link":"https:\/\/www.vienna-model.at\/en\/ausstellung\/","title":{"rendered":"Exhibition"},"content":{"rendered":"<p>Die Ausstellung <em>Das Wiener Modell &#8211; Wohnbau f\u00fcr die Stadt des 21. Jahrhunderts<\/em> wurde f\u00fcr das Austrian Cultural Forum in New York konzipiert. Die aktualisierte Ausstellung pr\u00e4sentiert\u00a0Architekturabbildungen und Informationen, Videos und Kunstwerke auf Ger\u00fcstelementen \u2013 angeordnet in zehn Kapiteln, die den Wiener Wohnbau und die Ausstellung strukturieren.<\/p>\n<p><strong>Exhibits till now (as per April 2018) <\/strong><\/p>\n<ul>\n<li><strong>Bellingham<\/strong>, Washington, USA, 05.04.2018 &#8211;<\/li>\n<li><strong>Dublin<\/strong>, Ireland (workshop only), 28.01.2018<\/li>\n<li><strong>Seoul<\/strong>, Korea, Dongdaemon Design Plaza, 02.09. &#8211; 05.11.2017<\/li>\n<li><strong>Vancouver<\/strong>, Canada, Museum of Vancouver, 30.04. &#8211; 02.09.2017<\/li>\n<li><a href=\"http:\/\/www.vienna-model.at\/das-wiener-modell-aedes\/\"><strong>Berlin<\/strong><\/a>, Deutschland, Aedes Architektur Forum, 13.06. \u2013 11.08.2016<\/li>\n<li><strong>Hongkong<\/strong>, China, City University, 14.11. &#8211; 27.11.2014<\/li>\n<li><strong>Riga<\/strong>, Latvia, City Hall, 11.04. &#8211; 27.04.2014<\/li>\n<li><strong>Sofia<\/strong>, Bulgaria, Sofia Architecture Club, 07.03. &#8211; 28.03.2014<\/li>\n<li><strong>Washington DC<\/strong>, USA, Austrian Embassy, 12.11. \u2013 15.12.2013<\/li>\n<li><strong>Baltimore<\/strong>, USA, D Center Gallery, 02.10. \u2013 31.10.2013<\/li>\n<li><a href=\"http:\/\/www.acfny.org\/event\/the-vienna-model\/\" target=\"_blank\"><strong>New York<\/strong><\/a>, USA, Austrian Cultural Forum (acf), 15.04. \u2013 30.08.2013<\/li>\n<\/ul>\n<p><strong>Exhibits planned<\/strong> (as per April 3, 2018)<\/p>\n<ul>\n<li><strong>Warsaw,<\/strong> Poland, October 2018<\/li>\n<li><strong>Calgary,<\/strong> Canada (workshop only), November 2018<\/li>\n<li>Conference <em>Housing for All<\/em>, <strong>Vienna<\/strong>, Austria, 05.12.2018<\/li>\n<li><strong>Los Angeles<\/strong>, USA, spring 2019<\/li>\n<\/ul>\n<p><a href=\"http:\/\/www.vienna-model.at\/wp-content\/uploads\/2016\/07\/viennamodel_exhibition-manual.pdf\" target=\"_blank\">Download Exhibition Manual<\/a><\/p>","protected":false},"excerpt":{"rendered":"<p>Die Ausstellung Das Wiener Modell &#8211; Wohnbau f\u00fcr die Stadt des 21. Jahrhunderts wurde f\u00fcr das Austrian Cultural Forum in New York konzipiert. Die aktualisierte Ausstellung pr\u00e4sentiert\u00a0Architekturabbildungen und Informationen, Videos und Kunstwerke auf Ger\u00fcstelementen \u2013 angeordnet in zehn Kapiteln, die den Wiener Wohnbau und die Ausstellung strukturieren. Exhibits till now (as per April 2018) Bellingham, &hellip; <a href=\"https:\/\/www.vienna-model.at\/en\/ausstellung\/\" class=\"more-link\">Continue reading<span class=\"screen-reader-text\"> &#8220;Exhibition&#8221;<\/span><\/a><\/p>\n","protected":false},"author":1,"featured_media":246,"parent":0,"menu_order":0,"comment_status":"closed","ping_status":"closed","template":"","meta":{"_acf_changed":false,"footnotes":""},"class_list":["post-39","page","type-page","status-publish","has-post-thumbnail","hentry"],"acf":[],"_links":{"self":[{"href":"https:\/\/www.vienna-model.at\/en\/wp-json\/wp\/v2\/pages\/39","targetHints":{"allow":["GET"]}}],"collection":[{"href":"https:\/\/www.vienna-model.at\/en\/wp-json\/wp\/v2\/pages"}],"about":[{"href":"https:\/\/www.vienna-model.at\/en\/wp-json\/wp\/v2\/types\/page"}],"author":[{"embeddable":true,"href":"https:\/\/www.vienna-model.at\/en\/wp-json\/wp\/v2\/users\/1"}],"replies":[{"embeddable":true,"href":"https:\/\/www.vienna-model.at\/en\/wp-json\/wp\/v2\/comments?post=39"}],"version-history":[{"count":15,"href":"https:\/\/www.vienna-model.at\/en\/wp-json\/wp\/v2\/pages\/39\/revisions"}],"predecessor-version":[{"id":341,"href":"https:\/\/www.vienna-model.at\/en\/wp-json\/wp\/v2\/pages\/39\/revisions\/341"}],"wp:featuredmedia":[{"embeddable":true,"href":"https:\/\/www.vienna-model.at\/en\/wp-json\/wp\/v2\/media\/246"}],"wp:attachment":[{"href":"https:\/\/www.vienna-model.at\/en\/wp-json\/wp\/v2\/media?parent=39"}],"curies":[{"name":"wp","href":"https:\/\/api.w.org\/{rel}","templated":true}]}}