{"id":2,"date":"2016-06-03T10:40:05","date_gmt":"2016-06-03T10:40:05","guid":{"rendered":"http:\/\/mv001rz5.edis.at\/_theviennamodel\/?page_id=2"},"modified":"2022-11-11T15:11:25","modified_gmt":"2022-11-11T15:11:25","slug":"intro","status":"publish","type":"page","link":"https:\/\/www.vienna-model.at\/de\/","title":{"rendered":""},"content":{"rendered":"<p>In der weltweiten Auseinandersetzung mit neuen Strategien f\u00fcr die Gestaltung und Umsetzung zukunftsweisender Wohnformen und Stadtent\u00adwicklungen spielt die Stadt Wien mit ihren innovativen Ideen \u2013 besonders im sozialen Wohnbau \u2013 seit langer Zeit eine Vorreiterrolle. Auf Basis urbanistischer und sozialer Aspekte entstanden in der gesamten Stadt nicht nur Projekte mit herausragenden Qualit\u00e4ten, sondern auch Quartiersrevitalisierungen und neue Stadtteile. Diese Konzepte gehen historisch auf das \u201eRote Wien\u201c zur\u00fcck und stehen f\u00fcr aktuelle dynamische M\u00f6glichkeiten, durch das Schaffen modellhafter Lebensumfelder die Lebensqualit\u00e4t in einer zeitgem\u00e4\u00dfen Metropole zu erh\u00f6hen.<\/p>\n<p><em>Das Wiener Modell. Wohnbau f\u00fcr die Stadt des 21. Jahrhunderts<\/em> r\u00fcckt sechzig typische Projekte der vergangenen hundert Jahre in den Mittelpunkt und legt zudem einen Fokus auf Kunst im \u00f6ffen\u00adtlichen Raum, die seit der Ersten Republik den st\u00e4dtischen Wohnbau komplettiert.<\/p>\n<p><em>Kuratiert von Wolfgang F\u00f6rster und William Menking<\/em><\/p>","protected":false},"excerpt":{"rendered":"<p>In der weltweiten Auseinandersetzung mit neuen Strategien f\u00fcr die Gestaltung und Umsetzung zukunftsweisender Wohnformen und Stadtent\u00adwicklungen spielt die Stadt Wien mit ihren innovativen Ideen \u2013 besonders im sozialen Wohnbau \u2013 seit langer Zeit eine Vorreiterrolle. Auf Basis urbanistischer und sozialer Aspekte entstanden in der gesamten Stadt nicht nur Projekte mit herausragenden Qualit\u00e4ten, sondern auch Quartiersrevitalisierungen &hellip; <a href=\"https:\/\/www.vienna-model.at\/de\/\" class=\"more-link\"><span class=\"screen-reader-text\">\u201e\u201c<\/span> weiterlesen<\/a><\/p>\n","protected":false},"author":1,"featured_media":0,"parent":0,"menu_order":0,"comment_status":"closed","ping_status":"open","template":"","meta":{"_acf_changed":false,"footnotes":""},"class_list":["post-2","page","type-page","status-publish","hentry"],"acf":[],"_links":{"self":[{"href":"https:\/\/www.vienna-model.at\/de\/wp-json\/wp\/v2\/pages\/2","targetHints":{"allow":["GET"]}}],"collection":[{"href":"https:\/\/www.vienna-model.at\/de\/wp-json\/wp\/v2\/pages"}],"about":[{"href":"https:\/\/www.vienna-model.at\/de\/wp-json\/wp\/v2\/types\/page"}],"author":[{"embeddable":true,"href":"https:\/\/www.vienna-model.at\/de\/wp-json\/wp\/v2\/users\/1"}],"replies":[{"embeddable":true,"href":"https:\/\/www.vienna-model.at\/de\/wp-json\/wp\/v2\/comments?post=2"}],"version-history":[{"count":18,"href":"https:\/\/www.vienna-model.at\/de\/wp-json\/wp\/v2\/pages\/2\/revisions"}],"predecessor-version":[{"id":351,"href":"https:\/\/www.vienna-model.at\/de\/wp-json\/wp\/v2\/pages\/2\/revisions\/351"}],"wp:attachment":[{"href":"https:\/\/www.vienna-model.at\/de\/wp-json\/wp\/v2\/media?parent=2"}],"curies":[{"name":"wp","href":"https:\/\/api.w.org\/{rel}","templated":true}]}}